{"id":9348,"date":"2024-06-05T06:45:29","date_gmt":"2024-06-04T23:45:29","guid":{"rendered":"https:\/\/pl-partners.vn\/question-and-answer\/"},"modified":"2025-03-14T05:36:04","modified_gmt":"2025-03-13T22:36:04","slug":"question-and-answer","status":"publish","type":"page","link":"https:\/\/pl-partners.vn\/en\/question-and-answer\/","title":{"rendered":"Question and Answer"},"content":{"rendered":"\t\t<div data-elementor-type=\"wp-page\" data-elementor-id=\"9348\" class=\"elementor elementor-9348 elementor-9342\" data-elementor-post-type=\"page\">\n\t\t\t\t<div class=\"elementor-element elementor-element-47774c1 e-flex e-con-boxed e-con e-parent\" data-id=\"47774c1\" data-element_type=\"container\" data-settings=\"{&quot;background_background&quot;:&quot;gradient&quot;,&quot;shape_divider_bottom&quot;:&quot;mountains&quot;}\">\n\t\t\t\t\t<div class=\"e-con-inner\">\n\t\t\t\t<div class=\"elementor-shape elementor-shape-bottom\" data-negative=\"false\">\n\t\t\t<svg xmlns=\"http:\/\/www.w3.org\/2000\/svg\" viewBox=\"0 0 1000 100\" preserveAspectRatio=\"none\">\n\t<path class=\"elementor-shape-fill\" opacity=\"0.33\" d=\"M473,67.3c-203.9,88.3-263.1-34-320.3,0C66,119.1,0,59.7,0,59.7V0h1000v59.7 c0,0-62.1,26.1-94.9,29.3c-32.8,3.3-62.8-12.3-75.8-22.1C806,49.6,745.3,8.7,694.9,4.7S492.4,59,473,67.3z\"\/>\n\t<path class=\"elementor-shape-fill\" opacity=\"0.66\" d=\"M734,67.3c-45.5,0-77.2-23.2-129.1-39.1c-28.6-8.7-150.3-10.1-254,39.1 s-91.7-34.4-149.2,0C115.7,118.3,0,39.8,0,39.8V0h1000v36.5c0,0-28.2-18.5-92.1-18.5C810.2,18.1,775.7,67.3,734,67.3z\"\/>\n\t<path class=\"elementor-shape-fill\" d=\"M766.1,28.9c-200-57.5-266,65.5-395.1,19.5C242,1.8,242,5.4,184.8,20.6C128,35.8,132.3,44.9,89.9,52.5C28.6,63.7,0,0,0,0 h1000c0,0-9.9,40.9-83.6,48.1S829.6,47,766.1,28.9z\"\/>\n<\/svg>\t\t<\/div>\n\t\t<div class=\"elementor-element elementor-element-39358b5 e-con-full e-flex e-con e-child\" data-id=\"39358b5\" data-element_type=\"container\">\n\t\t\t\t<div class=\"elementor-element elementor-element-7e35abb8 elementor-button-align-center elementor-widget elementor-widget-form\" data-id=\"7e35abb8\" data-element_type=\"widget\" data-settings=\"{&quot;step_next_label&quot;:&quot;Next&quot;,&quot;step_previous_label&quot;:&quot;Previous&quot;,&quot;button_width&quot;:&quot;100&quot;,&quot;step_type&quot;:&quot;number_text&quot;,&quot;step_icon_shape&quot;:&quot;circle&quot;}\" data-widget_type=\"form.default\">\n\t\t\t\t<div class=\"elementor-widget-container\">\n\t\t\t\t\t\t\t<form class=\"elementor-form\" method=\"post\" id=\"formlienhe\" name=\"Ask a lawyer questions\">\n\t\t\t<input type=\"hidden\" name=\"post_id\" value=\"9348\"\/>\n\t\t\t<input type=\"hidden\" name=\"form_id\" value=\"7e35abb8\"\/>\n\t\t\t<input type=\"hidden\" name=\"referer_title\" value=\"\" \/>\n\n\t\t\t\n\t\t\t<div class=\"elementor-form-fields-wrapper elementor-labels-above\">\n\t\t\t\t\t\t\t\t<div class=\"elementor-field-type-text elementor-field-group elementor-column elementor-field-group-name elementor-col-50\">\n\t\t\t\t\t\t\t\t\t\t\t\t\t<input size=\"1\" type=\"text\" name=\"form_fields[name]\" id=\"form-field-name\" class=\"elementor-field elementor-size-sm  elementor-field-textual\" placeholder=\"Full name\">\n\t\t\t\t\t\t\t\t\t\t\t<\/div>\n\t\t\t\t\t\t\t\t<div class=\"elementor-field-type-text elementor-field-group elementor-column elementor-field-group-email elementor-col-50 elementor-field-required\">\n\t\t\t\t\t\t\t\t\t\t\t\t\t<input size=\"1\" type=\"text\" name=\"form_fields[email]\" id=\"form-field-email\" class=\"elementor-field elementor-size-sm  elementor-field-textual\" placeholder=\"Phone number\" required=\"required\">\n\t\t\t\t\t\t\t\t\t\t\t<\/div>\n\t\t\t\t\t\t\t\t<div class=\"elementor-field-type-email elementor-field-group elementor-column elementor-field-group-field_ac20226 elementor-col-100 elementor-field-required\">\n\t\t\t\t\t\t\t\t\t\t\t\t\t<input size=\"1\" type=\"email\" name=\"form_fields[field_ac20226]\" id=\"form-field-field_ac20226\" class=\"elementor-field elementor-size-sm  elementor-field-textual\" placeholder=\"Email\" required=\"required\">\n\t\t\t\t\t\t\t\t\t\t\t<\/div>\n\t\t\t\t\t\t\t\t<div class=\"elementor-field-type-upload elementor-field-group elementor-column elementor-field-group-field_7c16010 elementor-col-100\">\n\t\t\t\t\t\t\t<input type=\"file\" name=\"form_fields[field_7c16010]\" id=\"form-field-field_7c16010\" class=\"elementor-field elementor-size-sm  elementor-upload-field\" data-maxsize=\"2\" data-maxsize-message=\"This file exceeds the maximum allowed size.\">\n\n\t\t\t\t\t\t<\/div>\n\t\t\t\t\t\t\t\t<div class=\"elementor-field-type-textarea elementor-field-group elementor-column elementor-field-group-message elementor-col-100 elementor-field-required\">\n\t\t\t\t\t<textarea class=\"elementor-field-textual elementor-field  elementor-size-sm\" name=\"form_fields[message]\" id=\"form-field-message\" rows=\"4\" placeholder=\"Message\" required=\"required\"><\/textarea>\t\t\t\t<\/div>\n\t\t\t\t\t\t\t\t<div class=\"elementor-field-group elementor-column elementor-field-type-submit elementor-col-100 e-form__buttons\">\n\t\t\t\t\t<button class=\"elementor-button elementor-size-sm\" type=\"submit\">\n\t\t\t\t\t\t<span class=\"elementor-button-content-wrapper\">\n\t\t\t\t\t\t\t\t\t\t\t\t\t\t\t\t\t\t\t\t\t\t<span class=\"elementor-button-text\">SEND QUESTION<\/span>\n\t\t\t\t\t\t\t\t\t\t\t\t\t<\/span>\n\t\t\t\t\t<\/button>\n\t\t\t\t<\/div>\n\t\t\t<\/div>\n\t\t<\/form>\n\t\t\t\t\t\t<\/div>\n\t\t\t\t<\/div>\n\t\t\t\t<\/div>\n\t\t\t\t\t<\/div>\n\t\t\t\t<\/div>\n\t\t<div class=\"elementor-element elementor-element-37d401b e-flex e-con-boxed e-con e-parent\" data-id=\"37d401b\" data-element_type=\"container\">\n\t\t\t\t\t<div class=\"e-con-inner\">\n\t\t<div class=\"elementor-element elementor-element-fbbcf28 e-con-full e-flex e-con e-child\" data-id=\"fbbcf28\" data-element_type=\"container\">\n\t\t<div class=\"elementor-element elementor-element-be6f9cd e-grid e-con-full e-con e-child\" data-id=\"be6f9cd\" data-element_type=\"container\">\n\t\t\t\t<div class=\"elementor-element elementor-element-3288aa5 elementor-widget elementor-widget-heading\" data-id=\"3288aa5\" data-element_type=\"widget\" data-widget_type=\"heading.default\">\n\t\t\t\t<div class=\"elementor-widget-container\">\n\t\t\t\t\t<h2 class=\"elementor-heading-title elementor-size-default\">ALL QUESTIONS<\/h2>\t\t\t\t<\/div>\n\t\t\t\t<\/div>\n\t\t<div class=\"elementor-element elementor-element-4615ae1 e-con-full e-flex e-con e-child\" data-id=\"4615ae1\" data-element_type=\"container\">\n\t\t\t\t<div class=\"elementor-element elementor-element-042b27e elementor-widget elementor-widget-search-filter-field\" data-id=\"042b27e\" data-element_type=\"widget\" data-settings=\"{&quot;search_filter_field&quot;:&quot;field_8&quot;}\" data-widget_type=\"search-filter-field.default\">\n\t\t\t\t<div class=\"elementor-widget-container\">\n\t\t\t\t\t<div  class=\"search-filter-base search-filter-field search-filter-field--id-8 search-filter-field--type-search search-filter-field--input-type-text search-filter-style--id-1 search-filter-style--search-text\"  data-search-filter-settings=\"{&quot;attributes&quot;:{&quot;queryId&quot;:&quot;4&quot;,&quot;type&quot;:&quot;search&quot;,&quot;label&quot;:&quot;&quot;,&quot;showLabel&quot;:&quot;yes&quot;,&quot;showDescription&quot;:&quot;no&quot;,&quot;description&quot;:&quot;&quot;,&quot;inputType&quot;:&quot;text&quot;,&quot;placeholder&quot;:&quot;Start typing...&quot;,&quot;inputOptionsAddDefault&quot;:&quot;no&quot;,&quot;inputOptionsDefaultLabel&quot;:&quot;All items&quot;,&quot;inputOptionsOrder&quot;:&quot;yes&quot;,&quot;inputOptionsOrderDir&quot;:&quot;asc&quot;,&quot;taxonomyOrderBy&quot;:&quot;yes&quot;,&quot;taxonomyOrderDir&quot;:&quot;yes&quot;,&quot;taxonomyTermsConditions&quot;:&quot;all&quot;,&quot;taxonomyTerms&quot;:[],&quot;addClass&quot;:&quot;&quot;,&quot;stylesId&quot;:1,&quot;width&quot;:&quot;&quot;,&quot;inputShowIcon&quot;:&quot;yes&quot;,&quot;align&quot;:&quot;&quot;,&quot;alignment&quot;:&quot;&quot;,&quot;autoSubmit&quot;:&quot;yes&quot;,&quot;autoSubmitDelay&quot;:&quot;600&quot;,&quot;hideFieldWhenEmpty&quot;:&quot;no&quot;,&quot;defaultValueInheritArchive&quot;:&quot;yes&quot;,&quot;defaultValueInheritPost&quot;:&quot;no&quot;,&quot;defaultValueApplyToQuery&quot;:&quot;no&quot;,&quot;labelToggleVisibility&quot;:&quot;no&quot;,&quot;labelInitialVisibility&quot;:&quot;no&quot;,&quot;dataUrlName&quot;:&quot;&quot;,&quot;dataType&quot;:&quot;post_attribute&quot;,&quot;dataPostAttribute&quot;:&quot;default&quot;,&quot;dataTotalNumberOfOptions&quot;:&quot;30&quot;,&quot;defaultValueType&quot;:&quot;none&quot;,&quot;inputScale&quot;:1},&quot;options&quot;:[],&quot;values&quot;:[],&quot;uid&quot;:17,&quot;urlName&quot;:&quot;s&quot;,&quot;icons&quot;:[&quot;search&quot;,&quot;clear&quot;],&quot;urlTemplate&quot;:[],&quot;id&quot;:8,&quot;connectedData&quot;:[],&quot;supports&quot;:[],&quot;elementorId&quot;:&quot;042b27e&quot;}\" ><\/div>\t\t\t\t<\/div>\n\t\t\t\t<\/div>\n\t\t\t\t<div class=\"elementor-element elementor-element-5701b02 elementor-widget elementor-widget-search-filter-field\" data-id=\"5701b02\" data-element_type=\"widget\" data-settings=\"{&quot;search_filter_field&quot;:&quot;field_9&quot;}\" data-widget_type=\"search-filter-field.default\">\n\t\t\t\t<div class=\"elementor-widget-container\">\n\t\t\t\t\t<div  class=\"search-filter-base search-filter-field search-filter-field--id-9 search-filter-field--type-control search-filter-field--control-type-submit search-filter-style--id-1 search-filter-style--control-submit\"  data-search-filter-settings=\"{&quot;attributes&quot;:{&quot;queryId&quot;:&quot;4&quot;,&quot;type&quot;:&quot;control&quot;,&quot;label&quot;:&quot;Search&quot;,&quot;showLabel&quot;:&quot;yes&quot;,&quot;showDescription&quot;:&quot;no&quot;,&quot;description&quot;:&quot;&quot;,&quot;placeholder&quot;:&quot;&quot;,&quot;sortOptions&quot;:[],&quot;addClass&quot;:&quot;&quot;,&quot;stylesId&quot;:1,&quot;width&quot;:&quot;&quot;,&quot;inputShowIcon&quot;:&quot;yes&quot;,&quot;align&quot;:&quot;&quot;,&quot;alignment&quot;:&quot;&quot;,&quot;autoSubmit&quot;:&quot;yes&quot;,&quot;autoSubmitDelay&quot;:&quot;&quot;,&quot;hideFieldWhenEmpty&quot;:&quot;no&quot;,&quot;labelToggleVisibility&quot;:&quot;no&quot;,&quot;labelInitialVisibility&quot;:&quot;no&quot;,&quot;dataUrlName&quot;:&quot;&quot;,&quot;dataType&quot;:&quot;post_attribute&quot;,&quot;dataPostAttribute&quot;:&quot;post_type&quot;,&quot;inputType&quot;:&quot;submit&quot;,&quot;dataPostTypes&quot;:[],&quot;dataTotalNumberOfOptions&quot;:&quot;30&quot;,&quot;inputOptionsOrderDir&quot;:&quot;asc&quot;,&quot;defaultValueType&quot;:&quot;none&quot;,&quot;controlType&quot;:&quot;submit&quot;,&quot;inputScale&quot;:1,&quot;inputBackgroundColor&quot;:&quot;#febf32&quot;,&quot;inputBorderColor&quot;:&quot;#000000&quot;},&quot;options&quot;:[],&quot;values&quot;:[],&quot;uid&quot;:18,&quot;urlName&quot;:&quot;&quot;,&quot;icons&quot;:[],&quot;urlTemplate&quot;:[],&quot;id&quot;:9,&quot;connectedData&quot;:[],&quot;supports&quot;:[],&quot;elementorId&quot;:&quot;5701b02&quot;}\" ><\/div>\t\t\t\t<\/div>\n\t\t\t\t<\/div>\n\t\t\t\t<\/div>\n\t\t\t\t<\/div>\n\t\t\t\t<\/div>\n\t\t\t\t<div class=\"elementor-element elementor-element-e70f8b3 elementor-widget elementor-widget-taxonomy-filter\" data-id=\"e70f8b3\" data-element_type=\"widget\" data-settings=\"{&quot;selected_element&quot;:&quot;ddb5613&quot;,&quot;taxonomy&quot;:&quot;category&quot;,&quot;horizontal_scroll_tablet&quot;:&quot;enable&quot;,&quot;horizontal_scroll_mobile&quot;:&quot;enable&quot;,&quot;horizontal_scroll&quot;:&quot;enable&quot;}\" data-widget_type=\"taxonomy-filter.default\">\n\t\t\t\t<div class=\"elementor-widget-container\">\n\t\t\t\t\t\t\t<search class=\"e-filter\" role=\"search\" data-base-url=\"https:\/\/pl-partners.vn\/en\/\" data-page-num=\"1\">\n\t\t\t\n\t\t\t\t\t\t\t\t<\/search>\n\t\t\t\t\t\t<\/div>\n\t\t\t\t<\/div>\n\t\t<div class=\"elementor-element elementor-element-d3976cf e-con-full e-flex e-con e-child\" data-id=\"d3976cf\" data-element_type=\"container\" data-settings=\"{&quot;background_background&quot;:&quot;classic&quot;}\">\n\t\t\t\t<div class=\"elementor-element elementor-element-ddb5613 elementor-grid-1 elementor-grid-tablet-1 elementor-grid-mobile-1 elementor-widget elementor-widget-loop-grid\" data-id=\"ddb5613\" data-element_type=\"widget\" data-settings=\"{&quot;template_id&quot;:12957,&quot;columns&quot;:1,&quot;row_gap&quot;:{&quot;unit&quot;:&quot;px&quot;,&quot;size&quot;:0,&quot;sizes&quot;:[]},&quot;pagination_type&quot;:&quot;numbers_and_prev_next&quot;,&quot;columns_tablet&quot;:1,&quot;_skin&quot;:&quot;post&quot;,&quot;columns_mobile&quot;:&quot;1&quot;,&quot;edit_handle_selector&quot;:&quot;[data-elementor-type=\\&quot;loop-item\\&quot;]&quot;,&quot;row_gap_tablet&quot;:{&quot;unit&quot;:&quot;px&quot;,&quot;size&quot;:&quot;&quot;,&quot;sizes&quot;:[]},&quot;row_gap_mobile&quot;:{&quot;unit&quot;:&quot;px&quot;,&quot;size&quot;:&quot;&quot;,&quot;sizes&quot;:[]}}\" data-widget_type=\"loop-grid.post\">\n\t\t\t\t<div class=\"elementor-widget-container\">\n\t\t\t\t\t\t\t<div class=\"e-loop-nothing-found-message\">\n\t\t<\/div>\n\t\t\t\t\t\t<\/div>\n\t\t\t\t<\/div>\n\t\t\t\t<\/div>\n\t\t\t\t\t<\/div>\n\t\t\t\t<\/div>\n\t\t\t\t<\/div>\n\t\t","protected":false},"excerpt":{"rendered":"<p>ALL QUESTIONS Video Blog Doanh nghi\u1ec7p B\u1ea3o hi\u1ec3m B\u1ea5t \u0111\u1ed9ng s\u1ea3n H\u00f4n nh\u00e2n &#8211; Gia \u0111\u00ecnh Lao \u0111\u1ed9ng S\u1edf h\u1eefu tr\u00ed tu\u1ec7 Thu h\u1ed3i n\u1ee3 Th\u1eeba k\u1ebf Thu\u1ebf Kh\u00e1c Chuy\u00ean ng\u00e0nh D\u1ecbch v\u1ee5 n\u1ed5i b\u1eadt Ti\u00eau \u0111i\u1ec3m lu\u1eadt Doanh nghi\u1ec7p H\u00f4n nh\u00e2n &#8211; Gia \u0111\u00ecnh B\u1ea5t \u0111\u1ed9ng s\u1ea3n Lao \u0111\u1ed9ng Th\u1eeba k\u1ebf Thu h\u1ed3i n\u1ee3 [&hellip;]<\/p>\n","protected":false},"author":18,"featured_media":0,"parent":0,"menu_order":0,"comment_status":"closed","ping_status":"closed","template":"","meta":{"footnotes":""},"class_list":["post-9348","page","type-page","status-publish","hentry"],"_links":{"self":[{"href":"https:\/\/pl-partners.vn\/en\/wp-json\/wp\/v2\/pages\/9348","targetHints":{"allow":["GET"]}}],"collection":[{"href":"https:\/\/pl-partners.vn\/en\/wp-json\/wp\/v2\/pages"}],"about":[{"href":"https:\/\/pl-partners.vn\/en\/wp-json\/wp\/v2\/types\/page"}],"author":[{"embeddable":true,"href":"https:\/\/pl-partners.vn\/en\/wp-json\/wp\/v2\/users\/18"}],"replies":[{"embeddable":true,"href":"https:\/\/pl-partners.vn\/en\/wp-json\/wp\/v2\/comments?post=9348"}],"version-history":[{"count":10,"href":"https:\/\/pl-partners.vn\/en\/wp-json\/wp\/v2\/pages\/9348\/revisions"}],"predecessor-version":[{"id":13402,"href":"https:\/\/pl-partners.vn\/en\/wp-json\/wp\/v2\/pages\/9348\/revisions\/13402"}],"wp:attachment":[{"href":"https:\/\/pl-partners.vn\/en\/wp-json\/wp\/v2\/media?parent=9348"}],"curies":[{"name":"wp","href":"https:\/\/api.w.org\/{rel}","templated":true}]}}